{"id":37100,"date":"2026-03-04T10:03:07","date_gmt":"2026-03-04T10:03:07","guid":{"rendered":"https:\/\/www.airportlojistik.com\/?page_id=37100"},"modified":"2026-03-05T13:58:15","modified_gmt":"2026-03-05T13:58:15","slug":"hizmetler","status":"publish","type":"page","link":"https:\/\/www.airportlojistik.com\/index.php\/hizmetler\/","title":{"rendered":"H\u0130ZMETLER\u0130M\u0130Z"},"content":{"rendered":"<div class=\"wpb-content-wrapper\"><p>[vc_row woodmart_css_id=&#8221;61b0c1282aaff&#8221; responsive_spacing=&#8221;eyJwYXJhbV90eXBlIjoid29vZG1hcnRfcmVzcG9uc2l2ZV9zcGFjaW5nIiwic2VsZWN0b3JfaWQiOiI2MWIwYzEyODJhYWZmIiwic2hvcnRjb2RlIjoidmNfcm93IiwiZGF0YSI6eyJ0YWJsZXQiOnt9LCJtb2JpbGUiOnt9fX0=&#8221; mobile_bg_img_hidden=&#8221;no&#8221; tablet_bg_img_hidden=&#8221;no&#8221; woodmart_parallax=&#8221;0&#8243; woodmart_gradient_switch=&#8221;no&#8221; woodmart_box_shadow=&#8221;no&#8221; wd_z_index=&#8221;no&#8221; woodmart_disable_overflow=&#8221;0&#8243; row_reverse_mobile=&#8221;0&#8243; row_reverse_tablet=&#8221;0&#8243;][vc_column]\n\t\t<div id=\"wd-69a987051cb6a\" class=\"title-wrapper wd-wpb wd-set-mb reset-last-child  wd-rs-69a987051cb6a wd-title-color-primary wd-title-style-underlined-2 text-center  wd-title-empty wd-underline-colored\">\n\t\t\t\n\t\t\t<div class=\"liner-continer\">\n\t\t\t\t<h4 class=\"woodmart-title-container title  wd-font-weight-600 wd-fontsize-l\" ><\/h4>\n\t\t\t\t\t\t\t<\/div>\n\t\t\t\n\t\t\t\n\t\t\t\n\t\t<\/div>\n\t\t\n\t\t[\/vc_column][\/vc_row][vc_row woodmart_css_id=&#8221;61b0c1282aaff&#8221; responsive_spacing=&#8221;eyJwYXJhbV90eXBlIjoid29vZG1hcnRfcmVzcG9uc2l2ZV9zcGFjaW5nIiwic2VsZWN0b3JfaWQiOiI2MWIwYzEyODJhYWZmIiwic2hvcnRjb2RlIjoidmNfcm93IiwiZGF0YSI6eyJ0YWJsZXQiOnt9LCJtb2JpbGUiOnt9fX0=&#8221; mobile_bg_img_hidden=&#8221;no&#8221; tablet_bg_img_hidden=&#8221;no&#8221; woodmart_parallax=&#8221;0&#8243; woodmart_gradient_switch=&#8221;no&#8221; woodmart_box_shadow=&#8221;no&#8221; wd_z_index=&#8221;no&#8221; woodmart_disable_overflow=&#8221;0&#8243; row_reverse_mobile=&#8221;0&#8243; row_reverse_tablet=&#8221;0&#8243;][vc_column]\n\t\t<div id=\"wd-69a98be957ef4\" class=\"title-wrapper wd-wpb wd-set-mb reset-last-child  wd-rs-69a98be957ef4 wd-title-color-alt wd-title-style-default text-center  wd-underline-colored\">\n\t\t\t\t\t\t\t\n\t\t\t\t<div class=\"title-subtitle  subtitle-color-alt font-alt subtitle-style-default wd-font-weight- wd-fontsize-xs\">H\u0130ZMTLER\u0130M\u0130Z - Neden Airport Lojistik? - B&amp;S A\u0130RPORT LOJ\u0130ST\u0130K VE DEPALAMA<\/div>\n\t\t\t\n\t\t\t<div class=\"liner-continer\">\n\t\t\t\t<h4 class=\"woodmart-title-container title  wd-font-weight-600 wd-fontsize-l\" >H\u0130ZMETLERM\u0130Z<\/h4>\n\t\t\t\t\t\t\t<\/div>\n\t\t\t\n\t\t\t\t\t\t\t<div class=\"title-after_title reset-last-child  wd-fontsize-xs\">H\u0130ZMETLER\u0130M\u0130Z<\/div>\n\t\t\t\n\t\t\t\n\t\t<\/div>\n\t\t\n\t\t[\/vc_column][\/vc_row][vc_row full_width=&#8221;stretch_row&#8221; css=&#8221;.vc_custom_1638452335911{margin-bottom: 80px !important;}&#8221; woodmart_css_id=&#8221;61a8cc60cf553&#8243; responsive_spacing=&#8221;eyJwYXJhbV90eXBlIjoid29vZG1hcnRfcmVzcG9uc2l2ZV9zcGFjaW5nIiwic2VsZWN0b3JfaWQiOiI2MWE4Y2M2MGNmNTUzIiwic2hvcnRjb2RlIjoidmNfcm93IiwiZGF0YSI6eyJ0YWJsZXQiOnsibWFyZ2luLWJvdHRvbSI6IjcwcHgiLCJwYWRkaW5nLWJvdHRvbSI6IjMwcHgifSwibW9iaWxlIjp7Im1hcmdpbi1ib3R0b20iOiI1MHB4IiwicGFkZGluZy1ib3R0b20iOiIyMHB4In19fQ==&#8221; mobile_bg_img_hidden=&#8221;no&#8221; tablet_bg_img_hidden=&#8221;no&#8221; woodmart_parallax=&#8221;0&#8243; woodmart_gradient_switch=&#8221;no&#8221; row_reverse_mobile=&#8221;0&#8243; row_reverse_tablet=&#8221;0&#8243; woodmart_disable_overflow=&#8221;0&#8243; woodmart_box_shadow=&#8221;no&#8221; wd_z_index=&#8221;no&#8221;][vc_column width=&#8221;1\/4&#8243; css=&#8221;.vc_custom_1506947185868{padding-top: 0px !important;}&#8221;]\t\t<div class=\"promo-banner-wrapper  wd-rs-69a8058e6081e vc_custom_1772619169007\">\n\t\t\t<div id=\"wd-69a8058e6081e\" class=\"promo-banner  banner- banner-hover-parallax color-scheme-dark banner-btn-size-small banner-btn-style-link wd-width-enabled  wd-underline-colored\" style=\"--wd-max-width: 70%;\">\n\t\t\t\t<div class=\"main-wrapp-img\">\n\t\t\t\t\t<div class=\"banner-image wd-bg-position-center\" >\n\t\t\t\t\t\t<img loading=\"lazy\" decoding=\"async\" width=\"1024\" height=\"1536\" src=\"https:\/\/www.airportlojistik.com\/wp-content\/uploads\/2026\/01\/WhatsApp-Image-2026-01-16-at-17.11.26.jpeg\" class=\"attachment-full size-full\" alt=\"\" \/>\t\t\t\t\t<\/div>\n\t\t\t\t<\/div>\n\n\t\t\t\t<div class=\"wrapper-content-banner wd-fill  wd-items-middle wd-justify-center\">\n\t\t\t\t\t<div class=\"content-banner  text-center\">\n\t\t\t\t\t\t\t\t\t\t\t\t\n\t\t\t\t\t\t\n\t\t\t\t\t\t\t\t\t\t\t<\/div>\n\t\t\t\t<\/div>\n\n\t\t\t\t\n\t\t\t\t\t\t\t<\/div>\n\t\t<\/div>\n\n\t\t\t\t\t<div class=\"info-box-wrapper\">\n\t\t\t\t<div id=\"wd-69a805a6bd7e5\" class=\" wd-z-index wd-rs-69a805a6bd7e5 wd-info-box wd-wpb text-center box-icon-align-top box-style- color-scheme- wd-bg-none with-btn box-btn-static vc_custom_1772619290965\">\n\t\t\t\t\t\t\t\t\t\t<div class=\"info-box-content\">\n\t\t\t\t\t\t<h4 class=\"info-box-title title box-title-style-default wd-fontsize-m\">PAKETLEME<\/h4>\t\t\t\t\t\t<div class=\"info-box-inner reset-last-child\"><p>Paketleme, firmalar\u0131n malzemelerinin ebatlar\u0131na ve sertli\u011fine g\u00f6re de\u011fi\u015fmektedir.<\/p>\n<\/div>\n\n\t\t\t\t\t\t<div class=\"info-btn-wrapper\"><div id=\"wd-69dfe20c42620\" class=\"  wd-button-wrapper text-center\"><a  class=\"btn btn-color-primary btn-style-link btn-shape-rectangle btn-size-default\">Paketleme sistemimiz<\/a><\/div><\/div>\t\t\t\t\t<\/div>\n\n\t\t\t\t\t\n\t\t\t\t\t\t\t\t\t<\/div>\n\t\t\t<\/div>\n\t\t[\/vc_column][vc_column width=&#8221;1\/4&#8243; css=&#8221;.vc_custom_1506947193156{padding-top: 0px !important;}&#8221;]\t\t<div class=\"promo-banner-wrapper  wd-rs-69a80ecd381d3 vc_custom_1772621529974\">\n\t\t\t<div id=\"wd-69a80ecd381d3\" class=\"promo-banner  banner- banner-hover-parallax color-scheme-dark banner-btn-size-small banner-btn-style-link wd-width-enabled  wd-underline-colored\" style=\"--wd-max-width: 70%;\">\n\t\t\t\t<div class=\"main-wrapp-img\">\n\t\t\t\t\t<div class=\"banner-image wd-bg-position-center\" >\n\t\t\t\t\t\t<img loading=\"lazy\" decoding=\"async\" width=\"520\" height=\"340\" src=\"https:\/\/www.airportlojistik.com\/wp-content\/uploads\/2026\/03\/slide2-img.webp\" class=\"attachment-full size-full\" alt=\"\" \/>\t\t\t\t\t<\/div>\n\t\t\t\t<\/div>\n\n\t\t\t\t<div class=\"wrapper-content-banner wd-fill  wd-items-middle wd-justify-center\">\n\t\t\t\t\t<div class=\"content-banner  text-center\">\n\t\t\t\t\t\t\t\t\t\t\t\t\n\t\t\t\t\t\t\n\t\t\t\t\t\t\t\t\t\t\t<\/div>\n\t\t\t\t<\/div>\n\n\t\t\t\t\n\t\t\t\t\t\t\t<\/div>\n\t\t<\/div>\n\n\t\t\t\t\t<div class=\"info-box-wrapper\">\n\t\t\t\t<div id=\"wd-69a80e4736c99\" class=\" wd-z-index wd-rs-69a80e4736c99 wd-info-box wd-wpb text-center box-icon-align-top box-style- color-scheme- wd-bg-none with-btn box-btn-static vc_custom_1772621467632\">\n\t\t\t\t\t\t\t\t\t\t<div class=\"info-box-content\">\n\t\t\t\t\t\t<h4 class=\"info-box-title title box-title-style-default wd-fontsize-m\">NAKL\u0130YE<\/h4>\t\t\t\t\t\t<div class=\"info-box-inner reset-last-child\"><p>Depodan firman\u0131n adresine kap\u0131 teslim olarak nakliye hizmeti &#8230;.<\/p>\n<\/div>\n\n\t\t\t\t\t\t<div class=\"info-btn-wrapper\"><div id=\"wd-69dfe20c429ff\" class=\"  wd-button-wrapper text-center\"><a  class=\"btn btn-color-primary btn-style-link btn-shape-rectangle btn-size-default\">Nakliye ....<\/a><\/div><\/div>\t\t\t\t\t<\/div>\n\n\t\t\t\t\t\n\t\t\t\t\t\t\t\t\t<\/div>\n\t\t\t<\/div>\n\t\t[\/vc_column][vc_column width=&#8221;1\/4&#8243; css=&#8221;.vc_custom_1506947455194{padding-top: 0px !important;}&#8221;]\t\t<div class=\"promo-banner-wrapper  wd-rs-69a80a82131bb vc_custom_1772621253268\">\n\t\t\t<div id=\"wd-69a80a82131bb\" class=\"promo-banner  banner- banner-hover-parallax color-scheme-dark banner-btn-size-small banner-btn-style-link wd-width-enabled  wd-underline-colored\" style=\"--wd-max-width: 70%;\">\n\t\t\t\t<div class=\"main-wrapp-img\">\n\t\t\t\t\t<div class=\"banner-image wd-bg-position-center\" >\n\t\t\t\t\t\t<img loading=\"lazy\" decoding=\"async\" width=\"1024\" height=\"1536\" src=\"https:\/\/www.airportlojistik.com\/wp-content\/uploads\/2026\/01\/WhatsApp-Image-2026-01-16-at-17.11.26.jpeg\" class=\"attachment-full size-full\" alt=\"\" \/>\t\t\t\t\t<\/div>\n\t\t\t\t<\/div>\n\n\t\t\t\t<div class=\"wrapper-content-banner wd-fill  wd-items-middle wd-justify-center\">\n\t\t\t\t\t<div class=\"content-banner  text-center\">\n\t\t\t\t\t\t\t\t\t\t\t\t\n\t\t\t\t\t\t\n\t\t\t\t\t\t\t\t\t\t\t<\/div>\n\t\t\t\t<\/div>\n\n\t\t\t\t\n\t\t\t\t\t\t\t<\/div>\n\t\t<\/div>\n\n\t\t\t\t\t<div class=\"info-box-wrapper\">\n\t\t\t\t<div id=\"wd-69a80dcf03443\" class=\" wd-z-index wd-rs-69a80dcf03443 wd-info-box wd-wpb text-center box-icon-align-top box-style- color-scheme- wd-bg-none with-btn box-btn-static vc_custom_1772621352469\">\n\t\t\t\t\t\t\t\t\t\t<div class=\"info-box-content\">\n\t\t\t\t\t\t<h4 class=\"info-box-title title box-title-style-default wd-fontsize-m\">BARKOTLAMA<\/h4>\t\t\t\t\t\t<div class=\"info-box-inner reset-last-child\"><p>BARKOTLAMA S\u0130STEM\u0130<\/p>\n<\/div>\n\n\t\t\t\t\t\t<div class=\"info-btn-wrapper\"><div id=\"wd-69dfe20c42beb\" class=\"  wd-button-wrapper text-center\"><a  class=\"btn btn-color-primary btn-style-link btn-shape-rectangle btn-size-default\">Barkot sistemi<\/a><\/div><\/div>\t\t\t\t\t<\/div>\n\n\t\t\t\t\t\n\t\t\t\t\t\t\t\t\t<\/div>\n\t\t\t<\/div>\n\t\t[\/vc_column][vc_column width=&#8221;1\/4&#8243;]\t\t<div class=\"promo-banner-wrapper  wd-rs-69a80ea6554f3 vc_custom_1772621511426\">\n\t\t\t<div id=\"wd-69a80ea6554f3\" class=\"promo-banner  banner- banner-hover-parallax color-scheme-dark banner-btn-size-small banner-btn-style-link wd-width-enabled  wd-underline-colored\" style=\"--wd-max-width: 70%;\">\n\t\t\t\t<div class=\"main-wrapp-img\">\n\t\t\t\t\t<div class=\"banner-image wd-bg-position-center\" >\n\t\t\t\t\t\t<img loading=\"lazy\" decoding=\"async\" width=\"520\" height=\"340\" src=\"https:\/\/www.airportlojistik.com\/wp-content\/uploads\/2026\/03\/slide1-img.webp\" class=\"attachment-full size-full\" alt=\"\" \/>\t\t\t\t\t<\/div>\n\t\t\t\t<\/div>\n\n\t\t\t\t<div class=\"wrapper-content-banner wd-fill  wd-items-middle wd-justify-center\">\n\t\t\t\t\t<div class=\"content-banner  text-center\">\n\t\t\t\t\t\t\t\t\t\t\t\t\n\t\t\t\t\t\t\n\t\t\t\t\t\t\t\t\t\t\t<\/div>\n\t\t\t\t<\/div>\n\n\t\t\t\t\n\t\t\t\t\t\t\t<\/div>\n\t\t<\/div>\n\n\t\t\t\t\t<div class=\"info-box-wrapper\">\n\t\t\t\t<div id=\"wd-69a80ee0cc3b1\" class=\" wd-z-index wd-rs-69a80ee0cc3b1 wd-info-box wd-wpb text-center box-icon-align-top box-style- color-scheme- wd-bg-none with-btn box-btn-static vc_custom_1772621582968\">\n\t\t\t\t\t\t\t\t\t\t<div class=\"info-box-content\">\n\t\t\t\t\t\t<h4 class=\"info-box-title title box-title-style-default wd-fontsize-m\">DEPOLAMA<\/h4>\t\t\t\t\t\t<div class=\"info-box-inner reset-last-child\"><p>Depolama hizmetlerimiz.<\/p>\n<\/div>\n\n\t\t\t\t\t\t<div class=\"info-btn-wrapper\"><div id=\"wd-69dfe20c43044\" class=\"  wd-button-wrapper text-center\"><a  class=\"btn btn-color-primary btn-style-link btn-shape-rectangle btn-size-default\">Depolar\u0131m\u0131z...<\/a><\/div><\/div>\t\t\t\t\t<\/div>\n\n\t\t\t\t\t\n\t\t\t\t\t\t\t\t\t<\/div>\n\t\t\t<\/div>\n\t\t[\/vc_column][\/vc_row]<\/p>\n<\/div>","protected":false},"excerpt":{"rendered":"<p>[vc_row woodmart_css_id=&#8221;61b0c1282aaff&#8221; responsive_spacing=&#8221;eyJwYXJhbV90eXBlIjoid29vZG1hcnRfcmVzcG9uc2l2ZV9zcGFjaW5nIiwic2VsZWN0b3JfaWQiOiI2MWIwYzEyODJhYWZmIiwic2hvcnRjb2RlIjoidmNfcm93IiwiZGF0YSI6eyJ0YWJsZXQiOnt9LCJtb2JpbGUiOnt9fX0=&#8221; mobile_bg_img_hidden=&#8221;no&#8221; tablet_bg_img_hidden=&#8221;no&#8221; woodmart_parallax=&#8221;0&#8243; woodmart_gradient_switch=&#8221;no&#8221; woodmart_box_shadow=&#8221;no&#8221; wd_z_index=&#8221;no&#8221; woodmart_disable_overflow=&#8221;0&#8243; row_reverse_mobile=&#8221;0&#8243; row_reverse_tablet=&#8221;0&#8243;][vc_column][\/vc_column][\/vc_row][vc_row woodmart_css_id=&#8221;61b0c1282aaff&#8221; responsive_spacing=&#8221;eyJwYXJhbV90eXBlIjoid29vZG1hcnRfcmVzcG9uc2l2ZV9zcGFjaW5nIiwic2VsZWN0b3JfaWQiOiI2MWIwYzEyODJhYWZmIiwic2hvcnRjb2RlIjoidmNfcm93IiwiZGF0YSI6eyJ0YWJsZXQiOnt9LCJtb2JpbGUiOnt9fX0=&#8221; mobile_bg_img_hidden=&#8221;no&#8221; tablet_bg_img_hidden=&#8221;no&#8221; woodmart_parallax=&#8221;0&#8243; woodmart_gradient_switch=&#8221;no&#8221; woodmart_box_shadow=&#8221;no&#8221; wd_z_index=&#8221;no&#8221;<\/p>\n","protected":false},"author":1,"featured_media":0,"parent":0,"menu_order":0,"comment_status":"closed","ping_status":"closed","template":"","meta":{"footnotes":""},"class_list":["post-37100","page","type-page","status-publish","hentry"],"_links":{"self":[{"href":"https:\/\/www.airportlojistik.com\/index.php\/wp-json\/wp\/v2\/pages\/37100","targetHints":{"allow":["GET"]}}],"collection":[{"href":"https:\/\/www.airportlojistik.com\/index.php\/wp-json\/wp\/v2\/pages"}],"about":[{"href":"https:\/\/www.airportlojistik.com\/index.php\/wp-json\/wp\/v2\/types\/page"}],"author":[{"embeddable":true,"href":"https:\/\/www.airportlojistik.com\/index.php\/wp-json\/wp\/v2\/users\/1"}],"replies":[{"embeddable":true,"href":"https:\/\/www.airportlojistik.com\/index.php\/wp-json\/wp\/v2\/comments?post=37100"}],"version-history":[{"count":16,"href":"https:\/\/www.airportlojistik.com\/index.php\/wp-json\/wp\/v2\/pages\/37100\/revisions"}],"predecessor-version":[{"id":37278,"href":"https:\/\/www.airportlojistik.com\/index.php\/wp-json\/wp\/v2\/pages\/37100\/revisions\/37278"}],"wp:attachment":[{"href":"https:\/\/www.airportlojistik.com\/index.php\/wp-json\/wp\/v2\/media?parent=37100"}],"curies":[{"name":"wp","href":"https:\/\/api.w.org\/{rel}","templated":true}]}}